{"id":6138,"date":"2022-11-24T10:29:30","date_gmt":"2022-11-24T09:29:30","guid":{"rendered":"https:\/\/www.lumibird-medical.com\/?page_id=6138"},"modified":"2025-10-03T13:59:03","modified_gmt":"2025-10-03T11:59:03","slug":"politique-des-cookies","status":"publish","type":"page","link":"https:\/\/www.lumibirdmedical.com\/fr\/politique-des-cookies\/","title":{"rendered":"Politique des cookies"},"content":{"rendered":"\t\t<div data-elementor-type=\"wp-page\" data-elementor-id=\"6138\" class=\"elementor elementor-6138 elementor-5504\" data-elementor-post-type=\"page\">\n\t\t\t\t\t\t<section class=\"elementor-section elementor-top-section elementor-element elementor-element-dd4c8c3 elementor-section-boxed elementor-section-height-default elementor-section-height-default\" data-id=\"dd4c8c3\" data-element_type=\"section\" data-e-type=\"section\" data-settings=\"{&quot;jet_parallax_layout_list&quot;:[]}\">\n\t\t\t\t\t\t<div class=\"elementor-container elementor-column-gap-default\">\n\t\t\t\t\t<div class=\"elementor-column elementor-col-100 elementor-top-column elementor-element elementor-element-381eef1\" data-id=\"381eef1\" data-element_type=\"column\" data-e-type=\"column\">\n\t\t\t<div class=\"elementor-widget-wrap elementor-element-populated\">\n\t\t\t\t\t\t<div class=\"elementor-element elementor-element-3c1bf1b elementor-widget elementor-widget-breadcrumbs\" data-id=\"3c1bf1b\" data-element_type=\"widget\" data-e-type=\"widget\" data-widget_type=\"breadcrumbs.default\">\n\t\t\t\t<div class=\"elementor-widget-container\">\n\t\t\t\t\t<nav aria-label=\"breadcrumbs\" class=\"rank-math-breadcrumb\"><p><span class=\"last\">Lumibird Medical<\/span><\/p><\/nav>\t\t\t\t<\/div>\n\t\t\t\t<\/div>\n\t\t\t\t<div class=\"elementor-element elementor-element-3690606 elementor-widget elementor-widget-heading\" data-id=\"3690606\" data-element_type=\"widget\" data-e-type=\"widget\" data-widget_type=\"heading.default\">\n\t\t\t\t<div class=\"elementor-widget-container\">\n\t\t\t\t\t<h1 class=\"elementor-heading-title elementor-size-default\">Politique des cookies<\/h1>\t\t\t\t<\/div>\n\t\t\t\t<\/div>\n\t\t\t\t\t<\/div>\n\t\t<\/div>\n\t\t\t\t\t<\/div>\n\t\t<\/section>\n\t\t\t\t<section class=\"elementor-section elementor-top-section elementor-element elementor-element-be26364 elementor-section-boxed elementor-section-height-default elementor-section-height-default\" data-id=\"be26364\" data-element_type=\"section\" data-e-type=\"section\" data-settings=\"{&quot;jet_parallax_layout_list&quot;:[]}\">\n\t\t\t\t\t\t<div class=\"elementor-container elementor-column-gap-default\">\n\t\t\t\t\t<div class=\"elementor-column elementor-col-100 elementor-top-column elementor-element elementor-element-b76d2c7\" data-id=\"b76d2c7\" data-element_type=\"column\" data-e-type=\"column\">\n\t\t\t<div class=\"elementor-widget-wrap elementor-element-populated\">\n\t\t\t\t\t\t<div class=\"elementor-element elementor-element-879a9d9 elementor-widget elementor-widget-text-editor\" data-id=\"879a9d9\" data-element_type=\"widget\" data-e-type=\"widget\" data-widget_type=\"text-editor.default\">\n\t\t\t\t<div class=\"elementor-widget-container\">\n\t\t\t\t\t\t\t\t\t<p class=\"rtecenter\"><strong>Certaines fonctionnalit\u00e9s de ce site reposent sur l\u2019usage de cookies.<\/strong><\/p>\n<p><\/p>\n<p class=\"rtecenter\">Le bandeau cookies ne s\u2019affiche pas sur la page d\u2019accueil lors de votre navigation car seuls des cookies n\u00e9cessaires au fonctionnement du site sont d\u00e9pos\u00e9s (vous pouvez cependant vous y opposer en cliquant sur la case ci-dessous).<\/p>\n\t\t\t\t\t\t\t\t<\/div>\n\t\t\t\t<\/div>\n\t\t\t\t<div class=\"elementor-element elementor-element-74d7369 elementor-widget-divider--separator-type-pattern elementor-widget-divider--view-line elementor-widget elementor-widget-divider\" data-id=\"74d7369\" data-element_type=\"widget\" data-e-type=\"widget\" data-widget_type=\"divider.default\">\n\t\t\t\t<div class=\"elementor-widget-container\">\n\t\t\t\t\t\t\t<div class=\"elementor-divider\" style=\"--divider-pattern-url: url(&quot;data:image\/svg+xml,%3Csvg xmlns=&#039;http:\/\/www.w3.org\/2000\/svg&#039; preserveAspectRatio=&#039;none&#039; overflow=&#039;visible&#039; height=&#039;100%&#039; viewBox=&#039;0 0 20 16&#039; fill=&#039;none&#039; stroke=&#039;black&#039; stroke-width=&#039;1&#039; stroke-linecap=&#039;square&#039; stroke-miterlimit=&#039;10&#039;%3E%3Cg transform=&#039;translate(-12.000000, 0)&#039;%3E%3Cpath d=&#039;M28,0L10,18&#039;\/%3E%3Cpath d=&#039;M18,0L0,18&#039;\/%3E%3Cpath d=&#039;M48,0L30,18&#039;\/%3E%3Cpath d=&#039;M38,0L20,18&#039;\/%3E%3C\/g%3E%3C\/svg%3E&quot;);\">\n\t\t\t<span class=\"elementor-divider-separator\">\n\t\t\t\t\t\t<\/span>\n\t\t<\/div>\n\t\t\t\t\t\t<\/div>\n\t\t\t\t<\/div>\n\t\t\t\t<div class=\"elementor-element elementor-element-bdabecb elementor-widget elementor-widget-html\" data-id=\"bdabecb\" data-element_type=\"widget\" data-e-type=\"widget\" data-widget_type=\"html.default\">\n\t\t\t\t<div class=\"elementor-widget-container\">\n\t\t\t\t\t<div id=\"matomo-opt-out\"><\/div><br><script src=\"https:\/\/analytics.lumibird-medical.com\/index.php?module=CoreAdminHome&action=optOutJS&divId=matomo-opt-out&language=auto&backgroundColor=5372d0&fontColor=ffffff&fontSize=15px&fontFamily=fira sans&showIntro=1\"><\/script>\t\t\t\t<\/div>\n\t\t\t\t<\/div>\n\t\t\t\t<div class=\"elementor-element elementor-element-8ff7693 elementor-widget-divider--separator-type-pattern elementor-widget-divider--view-line elementor-widget elementor-widget-divider\" data-id=\"8ff7693\" data-element_type=\"widget\" data-e-type=\"widget\" data-widget_type=\"divider.default\">\n\t\t\t\t<div class=\"elementor-widget-container\">\n\t\t\t\t\t\t\t<div class=\"elementor-divider\" style=\"--divider-pattern-url: url(&quot;data:image\/svg+xml,%3Csvg xmlns=&#039;http:\/\/www.w3.org\/2000\/svg&#039; preserveAspectRatio=&#039;none&#039; overflow=&#039;visible&#039; height=&#039;100%&#039; viewBox=&#039;0 0 20 16&#039; fill=&#039;none&#039; stroke=&#039;black&#039; stroke-width=&#039;1&#039; stroke-linecap=&#039;square&#039; stroke-miterlimit=&#039;10&#039;%3E%3Cg transform=&#039;translate(-12.000000, 0)&#039;%3E%3Cpath d=&#039;M28,0L10,18&#039;\/%3E%3Cpath d=&#039;M18,0L0,18&#039;\/%3E%3Cpath d=&#039;M48,0L30,18&#039;\/%3E%3Cpath d=&#039;M38,0L20,18&#039;\/%3E%3C\/g%3E%3C\/svg%3E&quot;);\">\n\t\t\t<span class=\"elementor-divider-separator\">\n\t\t\t\t\t\t<\/span>\n\t\t<\/div>\n\t\t\t\t\t\t<\/div>\n\t\t\t\t<\/div>\n\t\t\t\t<div class=\"elementor-element elementor-element-df88c91 elementor-widget elementor-widget-text-editor\" data-id=\"df88c91\" data-element_type=\"widget\" data-e-type=\"widget\" data-widget_type=\"text-editor.default\">\n\t\t\t\t<div class=\"elementor-widget-container\">\n\t\t\t\t\t\t\t\t\t<div class=\"elementor-element elementor-element-19ba0012 elementor-widget elementor-widget-heading\" data-id=\"19ba0012\" data-element_type=\"widget\" data-widget_type=\"heading.default\">\n<div class=\"elementor-widget-container\">\n<h2>AVANT PROPOS<\/h2>\n<p>La pr\u00e9sente politique des cookies est applicable d\u00e8s lors que vous consultez notre site Internet. LUMIBIRD MEDICAL a adopt\u00e9 cette politique des cookies dans le but de :<\/p>\n<ul>\n<li>Vous pr\u00e9sentez les cookies pouvant \u00eatre pr\u00e9sents sur notre site internet<\/li>\n<li>Vous listez les diff\u00e9rents types de cookies<\/li>\n<li>Vous d\u00e9taillez leur fonctionnement et leur utilit\u00e9<\/li>\n<li>Vous expliquez comment param\u00e9trer vos choix en fonction de votre navigateur internet<\/li>\n<\/ul>\n<h2>QU&rsquo;EST-CE QU&rsquo;UN COOKIE ?<\/h2>\n<p>Un cookie est un fichier texte enregistr\u00e9 automatiquement dans votre navigateur et sur votre disque dure par un site web lors de votre visite. Il permet \u00e0 votre ordinateur de stocker diff\u00e9rentes donn\u00e9es techniques comme le nombre de visites, la fr\u00e9quence d\u2019exposition \u00e0 une banni\u00e8re publicitaire, la connexion \u00e0 d\u2019autres sites. Il permet aussi de personnaliser vos prochaines connexions en m\u00e9morisant vos informations de connexions, vos pr\u00e9f\u00e9rences, etc.<\/p>\n<h2>\nQUELS TYPES DE COOKIE UTILISONS-NOUS ?<\/h2>\n<p>LUMIBIRD MEDICAL a recens\u00e9 1 cat\u00e9gorie de cookies d\u00e9crit ci-apr\u00e8s dont les finalit\u00e9s vont d\u00e9pendre de la nature des cookies. Il s\u2019agit des cookies dont nous avons connaissance. \u00a0Nous vous informons, que l\u2019\u00e9mission et l\u2019utilisation de cookies par des tiers sont soumises \u00e0 leur propre <a href=\"https:\/\/www.quantel-medical.fr\/politique-confidentialite\" target=\"_blank\" rel=\"noopener\">politique de donn\u00e9es personnelles<\/a>. Par cons\u00e9quent, si vous d\u00e9sirez en savoir plus sur l\u2019utilisation de vos donn\u00e9es personnelles par ces tiers, nous vous invitons \u00e0 vous rendre directement sur leur site internet.<\/p>\n<ul>\n<li>Les cookies strictement n\u00e9cessaires<\/li>\n<li>Les cookies de mesure et de performance<\/li>\n<\/ul>\n<h2>POURQUOI UTILISONS-NOUS DES COOKIES ?<\/h2>\n<p><strong><u>Les cookies strictement n\u00e9cessaires :<\/u><\/strong><\/p>\n<p>Ces cookies facilitent votre navigation entre les pages de notre site et sont n\u00e9cessaires pour vous permettre de b\u00e9n\u00e9ficier de certaines fonctionnalit\u00e9s comme la cr\u00e9ation de votre compte utilisateur et de s\u00e9curiser votre connexion lorsque vous souhaitez acc\u00e9der \u00e0 des pages qui vous sont r\u00e9serv\u00e9es. Ces cookies expirent lorsque vous fermez votre navigateur internet.<br \/>\nCes cookies sont exclusivement d\u00e9pos\u00e9s par LUMIBIRD MEDICAL.<br \/>\nVous trouverez ci-dessous un tableau d\u00e9taillant : le nom du cookie, son utilit\u00e9 ainsi que sa dur\u00e9e de vie.<\/p>\n<figure class=\"table\">\n<table>\n<tbody>\n<tr>\n<td>Cookies<\/td>\n<td>Utilit\u00e9<\/td>\n<td>Conservation<\/td>\n<\/tr>\n<tr>\n<td>PHPSESSID<\/td>\n<td>Fonctionnement du site<\/td>\n<td>Le temps de la session<\/td>\n<\/tr>\n<tr>\n<td>__cfduid<\/td>\n<td>H\u00e9bergement<\/td>\n<td>3 jours<\/td>\n<\/tr>\n<\/tbody>\n<\/table>\n<\/figure>\n<p>&nbsp;<\/p>\n<p><strong><u>Les cookies de mesure et de performance :<\/u><\/strong><\/p>\n<p>Ces cookies permettent de mesurer la consultation des documents partag\u00e9s via l\u2019application (par exemple : savoir si un document a \u00e9t\u00e9 ouvert, \u00e0 quelle date et heure).<br \/>\nLes informations collect\u00e9es par ces cookies sont utilis\u00e9es pour fournir \u00e0 l\u2019exp\u00e9diteur des statistiques de suivi (document consult\u00e9, date, heure d\u2019ouverture).<\/p>\n<ul>\n<li>Ces cookies ne sont jamais utilis\u00e9s \u00e0 des fins de profilage.<\/li>\n<li>Les donn\u00e9es nominatives (document consult\u00e9 par telle adresse mail) sont conserv\u00e9es <strong>3 mois maximum<\/strong>, puis supprim\u00e9es ou anonymis\u00e9es.<\/li>\n<li>Des donn\u00e9es <strong>agr\u00e9g\u00e9es et anonymis\u00e9es<\/strong> peuvent \u00eatre conserv\u00e9es au-del\u00e0, uniquement \u00e0 des fins d\u2019analyse globale par Lumibird Medical<\/li>\n<\/ul>\n<p>Ces cookies reposent sur votre <strong>consentement<\/strong> : vous pouvez accepter ou refuser le d\u00e9p\u00f4t lors de l\u2019ouverture du lien unique.<\/p>\n<p>Vous pouvez \u00e0 tout moment revenir sur vos choix via le param\u00e9trage des cookies dans l\u2019application.<\/p>\n<p>Vous trouverez ci-dessous un tableau d\u00e9taillant\u00a0: le nom du cookie, son utilit\u00e9 ainsi que sa dur\u00e9e de vie.<\/p>\n<figure class=\"table\">\n<table class=\"ck-table-resized\">\n<colgroup>\n<col \/>\n<col \/>\n<col \/>\n<col \/><\/colgroup>\n<tbody>\n<tr>\n<td>Cookies<\/td>\n<td>Utilit\u00e9<\/td>\n<td>Fournisseur<\/td>\n<td>Conservation<\/td>\n<\/tr>\n<tr>\n<td>MyLumiSpace<\/td>\n<td>Identifier si le document a \u00e9t\u00e9 ouvert\u00a0: date, heure<\/td>\n<td>SKREA<\/td>\n<td>3 mois<\/td>\n<\/tr>\n<\/tbody>\n<\/table>\n<\/figure>\n<p>COMMENT LES GERER ?<\/p>\n<p>Nous vous mettons \u00e0 disposition tous les moyens n\u00e9cessaires pour g\u00e9rer votre consentement en mati\u00e8re de cookies. Ainsi nous vous offrons deux possibilit\u00e9s :<\/p>\n<p><strong><u>Modification gr\u00e2ce la plateforme de gestion des cookies YourOnlineChoices<\/u><\/strong><br \/>\nCette plateforme, commun\u00e9ment appel\u00e9e YourOnlineChoices est d\u00e9di\u00e9e \u00e0 la publicit\u00e9 sur internet et \u00e0 la protection de la vie priv\u00e9e sur internet.<br \/>\nGr\u00e2ce \u00e0 cette plateforme de l\u2019Union Europ\u00e9enne vous avez la possibilit\u00e9 de d\u00e9sactiv\u00e9e \u00e0 tout moment les cookies de performance-analytique, des r\u00e9seaux sociaux et de publicit\u00e9s.<br \/>\nCette plateforme liste toutes les soci\u00e9t\u00e9s qui collectent et utilisent vos informations personnelles pour vous proposer de la publicit\u00e9 bas\u00e9e sur vos centres d\u2019int\u00e9r\u00eats li\u00e9e \u00e0 votre navigation.<br \/>\nYourOnlineChoices vous offre la possibilit\u00e9 de reprendre le contr\u00f4le sur vos donn\u00e9es personnelles en d\u00e9finissant vos pr\u00e9f\u00e9rences en termes de publicit\u00e9 comportementale.<br \/>\nPour ce faire, veuillez cliquer sur le lien hypertexte suivant : <a href=\"https:\/\/www.youronlinechoices.com\/fr\/controler-ses-cookies\/\" target=\"_blank\" rel=\"noopener\">YourOnlineChoice<\/a>.<\/p>\n<p><strong><u>Modification gr\u00e2ce au param\u00e9trage de votre navigateur<\/u><\/strong><br \/>\nLa plupart des navigateurs (Google Chrome, Internet Explorer, Firefox et Op\u00e9ra ) acceptent les cookies par d\u00e9faut. Cependant, vous pouvez d\u00e9cider de bloquer ces cookies ou demander \u00e0 votre navigateur de vous avertir lorsqu\u2019un site tente de d\u00e9poser un cookie sur votre appareil.<br \/>\nPour changer la gestion des cookies de votre navigateur, vous pouvez modifier les r\u00e9glages dans l\u2019onglet confidentialit\u00e9.<br \/>\nAttention, certaines fonctionnalit\u00e9s du site peuvent ne plus fonctionner.<br \/>\nLa configuration de chaque navigateur est diff\u00e9rente. Elle est d\u00e9crite dans le menu d\u2019aide de votre navigateur, qui vous permettra de savoir de quelle mani\u00e8re modifier vos souhaits en mati\u00e8re de cookies.<\/p>\n<p><strong><u>Modification gr\u00e2ce au bandeau de gestion des cookies<\/u><\/strong><br \/>\nLUMIBIRD MEDICAL a mis en place un bandeau de gestion des cookies conforme aux nouvelles recommandations de la CNIL. Ainsi, vous avez la possibilit\u00e9 d\u2019accepter, de personnaliser ou de refuser les cookies directement depuis notre site en exprimant votre choix \u00e0 l\u2019aide du bandeau qui appara\u00eet en bas de votre \u00e9cran.<\/p>\n<h2>\nMISE A JOUR DE LA POLITIQUE DES COOKIES<\/h2>\n<p>La pr\u00e9sente politique des cookies peut \u00eatre amen\u00e9e \u00e0 \u00e9voluer.<br \/>\nLa derni\u00e8re mise \u00e0 jour a \u00e9t\u00e9 effectu\u00e9 le 03.10.2025.<\/p>\n<\/div>\n<p><\/div>\n\t\t\t\t\t\t\t\t<\/div>\n\t\t\t\t<\/div>\n\t\t\t\t\t<\/div>\n\t\t<\/div>\n\t\t\t\t\t<\/div>\n\t\t<\/section>\n\t\t\t\t<section class=\"elementor-section elementor-top-section elementor-element elementor-element-491a723 elementor-section-boxed elementor-section-height-default elementor-section-height-default\" data-id=\"491a723\" data-element_type=\"section\" data-e-type=\"section\" data-settings=\"{&quot;jet_parallax_layout_list&quot;:[]}\">\n\t\t\t\t\t\t<div class=\"elementor-container elementor-column-gap-default\">\n\t\t\t\t\t<div class=\"elementor-column elementor-col-100 elementor-top-column elementor-element elementor-element-c956c88\" data-id=\"c956c88\" data-element_type=\"column\" data-e-type=\"column\">\n\t\t\t<div class=\"elementor-widget-wrap\">\n\t\t\t\t\t\t\t<\/div>\n\t\t<\/div>\n\t\t\t\t\t<\/div>\n\t\t<\/section>\n\t\t\t\t<\/div>\n\t\t","protected":false},"excerpt":{"rendered":"<p>Lumibird Medical Certaines fonctionnalit\u00e9s de ce site reposent sur l\u2019usage de cookies. Le bandeau cookies ne s\u2019affiche pas sur la page d\u2019accueil lors de votre navigation car seuls des cookies n\u00e9cessaires au fonctionnement du site sont d\u00e9pos\u00e9s (vous pouvez cependant vous y opposer en cliquant sur la case ci-dessous). AVANT PROPOS La pr\u00e9sente politique des [&hellip;]<\/p>\n","protected":false},"author":1,"featured_media":0,"parent":0,"menu_order":22,"comment_status":"closed","ping_status":"closed","template":"","meta":{"footnotes":""},"class_list":["post-6138","page","type-page","status-publish","hentry"],"acf":[],"_links":{"self":[{"href":"https:\/\/www.lumibirdmedical.com\/fr\/wp-json\/wp\/v2\/pages\/6138","targetHints":{"allow":["GET"]}}],"collection":[{"href":"https:\/\/www.lumibirdmedical.com\/fr\/wp-json\/wp\/v2\/pages"}],"about":[{"href":"https:\/\/www.lumibirdmedical.com\/fr\/wp-json\/wp\/v2\/types\/page"}],"author":[{"embeddable":true,"href":"https:\/\/www.lumibirdmedical.com\/fr\/wp-json\/wp\/v2\/users\/1"}],"replies":[{"embeddable":true,"href":"https:\/\/www.lumibirdmedical.com\/fr\/wp-json\/wp\/v2\/comments?post=6138"}],"version-history":[{"count":20,"href":"https:\/\/www.lumibirdmedical.com\/fr\/wp-json\/wp\/v2\/pages\/6138\/revisions"}],"predecessor-version":[{"id":9591,"href":"https:\/\/www.lumibirdmedical.com\/fr\/wp-json\/wp\/v2\/pages\/6138\/revisions\/9591"}],"wp:attachment":[{"href":"https:\/\/www.lumibirdmedical.com\/fr\/wp-json\/wp\/v2\/media?parent=6138"}],"curies":[{"name":"wp","href":"https:\/\/api.w.org\/{rel}","templated":true}]}}