{"id":5773,"date":"2022-11-18T13:54:46","date_gmt":"2022-11-18T12:54:46","guid":{"rendered":"https:\/\/www.lumibird-medical.com\/plan-du-site\/"},"modified":"2022-11-29T11:02:06","modified_gmt":"2022-11-29T10:02:06","slug":"plan-du-site","status":"publish","type":"page","link":"https:\/\/www.lumibirdmedical.com\/fr\/plan-du-site\/","title":{"rendered":"Plan du site"},"content":{"rendered":"\t\t<div data-elementor-type=\"wp-page\" data-elementor-id=\"5773\" class=\"elementor elementor-5773 elementor-4062\" data-elementor-post-type=\"page\">\n\t\t\t\t\t\t<section class=\"elementor-section elementor-top-section elementor-element elementor-element-3a1c250 elementor-section-boxed elementor-section-height-default elementor-section-height-default\" data-id=\"3a1c250\" data-element_type=\"section\" data-e-type=\"section\" data-settings=\"{&quot;jet_parallax_layout_list&quot;:[]}\">\n\t\t\t\t\t\t<div class=\"elementor-container elementor-column-gap-default\">\n\t\t\t\t\t<div class=\"elementor-column elementor-col-100 elementor-top-column elementor-element elementor-element-6598dfd\" data-id=\"6598dfd\" data-element_type=\"column\" data-e-type=\"column\">\n\t\t\t<div class=\"elementor-widget-wrap elementor-element-populated\">\n\t\t\t\t\t\t<div class=\"elementor-element elementor-element-64af533 elementor-widget elementor-widget-breadcrumbs\" data-id=\"64af533\" data-element_type=\"widget\" data-e-type=\"widget\" data-widget_type=\"breadcrumbs.default\">\n\t\t\t\t<div class=\"elementor-widget-container\">\n\t\t\t\t\t<nav aria-label=\"breadcrumbs\" class=\"rank-math-breadcrumb\"><p><span class=\"last\">Lumibird Medical<\/span><\/p><\/nav>\t\t\t\t<\/div>\n\t\t\t\t<\/div>\n\t\t\t\t<div class=\"elementor-element elementor-element-43fc4a2 elementor-widget elementor-widget-heading\" data-id=\"43fc4a2\" data-element_type=\"widget\" data-e-type=\"widget\" data-widget_type=\"heading.default\">\n\t\t\t\t<div class=\"elementor-widget-container\">\n\t\t\t\t\t<h1 class=\"elementor-heading-title elementor-size-default\">Plan du site<\/h1>\t\t\t\t<\/div>\n\t\t\t\t<\/div>\n\t\t\t\t<section class=\"elementor-section elementor-inner-section elementor-element elementor-element-ae60a6c elementor-section-boxed elementor-section-height-default elementor-section-height-default\" data-id=\"ae60a6c\" data-element_type=\"section\" data-e-type=\"section\" data-settings=\"{&quot;jet_parallax_layout_list&quot;:[]}\">\n\t\t\t\t\t\t<div class=\"elementor-container elementor-column-gap-default\">\n\t\t\t\t\t<div class=\"elementor-column elementor-col-50 elementor-inner-column elementor-element elementor-element-c468e06\" data-id=\"c468e06\" data-element_type=\"column\" data-e-type=\"column\">\n\t\t\t<div class=\"elementor-widget-wrap elementor-element-populated\">\n\t\t\t\t\t\t<div class=\"elementor-element elementor-element-8b510be elementor-widget elementor-widget-sitemap\" data-id=\"8b510be\" data-element_type=\"widget\" data-e-type=\"widget\" data-widget_type=\"sitemap.default\">\n\t\t\t\t<div class=\"elementor-widget-container\">\n\t\t\t\t\t<div class=\"elementor-sitemap-wrap\"><div class=\"elementor-sitemap-section\"><h2 class=\"elementor-sitemap-title elementor-sitemap-page-title\">Pages<\/h2><ul class=\"elementor-sitemap-list elementor-sitemap-page-list\"><li class=\"elementor-sitemap-item elementor-sitemap-item-page page_item page-item-8908\"><a href=\"https:\/\/www.lumibirdmedical.com\/fr\/optotek-medical\/\">Optotek Medical<\/a><\/li><li class=\"elementor-sitemap-item elementor-sitemap-item-page page_item page-item-8904\"><a href=\"https:\/\/www.lumibirdmedical.com\/fr\/ellex\/\">Ellex<\/a><\/li><li class=\"elementor-sitemap-item elementor-sitemap-item-page page_item page-item-8912\"><a href=\"https:\/\/www.lumibirdmedical.com\/fr\/quantel-medical\/\">Quantel Medical<\/a><\/li><li class=\"elementor-sitemap-item elementor-sitemap-item-page page_item page-item-8918\"><a href=\"https:\/\/www.lumibirdmedical.com\/fr\/ophtalmologie\/\">Ophtalmologie<\/a><\/li><li class=\"elementor-sitemap-item elementor-sitemap-item-page page_item page-item-8916\"><a href=\"https:\/\/www.lumibirdmedical.com\/fr\/imagerie-interventionnelle\/\">Imagerie interventionnelle<\/a><\/li><li class=\"elementor-sitemap-item elementor-sitemap-item-page page_item page-item-8900\"><a href=\"https:\/\/www.lumibirdmedical.com\/fr\/nos-fondamentaux\/\">Nos valeurs<\/a><\/li><li class=\"elementor-sitemap-item elementor-sitemap-item-page page_item page-item-9067\"><a href=\"https:\/\/www.lumibirdmedical.com\/fr\/nos-engagements\/\">Nos engagements<\/a><\/li><li class=\"elementor-sitemap-item elementor-sitemap-item-page page_item page-item-8896\"><a href=\"https:\/\/www.lumibirdmedical.com\/fr\/equipe-de-direction\/\">Notre \u00e9quipe de direction<\/a><\/li><li class=\"elementor-sitemap-item elementor-sitemap-item-page page_item page-item-8888\"><a href=\"https:\/\/www.lumibirdmedical.com\/fr\/notre-societe\/\">Notre Soci\u00e9t\u00e9<\/a><\/li><li class=\"elementor-sitemap-item elementor-sitemap-item-page page_item page-item-6138\"><a href=\"https:\/\/www.lumibirdmedical.com\/fr\/politique-des-cookies\/\">Politique des cookies<\/a><\/li><li class=\"elementor-sitemap-item elementor-sitemap-item-page page_item page-item-5769\"><a href=\"https:\/\/www.lumibirdmedical.com\/fr\/merci-de-nous-contacter\/\">Merci de nous contacter<\/a><\/li><li class=\"elementor-sitemap-item elementor-sitemap-item-page page_item page-item-5773\"><a href=\"https:\/\/www.lumibirdmedical.com\/fr\/plan-du-site\/\">Plan du site<\/a><\/li><li class=\"elementor-sitemap-item elementor-sitemap-item-page page_item page-item-6131\"><a href=\"https:\/\/www.lumibirdmedical.com\/fr\/mentions-legales\/\">Mentions l\u00e9gales<\/a><\/li><li class=\"elementor-sitemap-item elementor-sitemap-item-page page_item page-item-5765\"><a href=\"https:\/\/www.lumibirdmedical.com\/fr\/job-offers-candidature\/\">Job offers &#8211; Candidature<\/a><\/li><li class=\"elementor-sitemap-item elementor-sitemap-item-page page_item page-item-5762\"><a href=\"https:\/\/www.lumibirdmedical.com\/fr\/offres-demploi\/\">Offres d&#8217;emploi<\/a><\/li><li class=\"elementor-sitemap-item elementor-sitemap-item-page page_item page-item-5759\"><a href=\"https:\/\/www.lumibirdmedical.com\/fr\/temoignages\/\">T\u00e9moignages<\/a><\/li><li class=\"elementor-sitemap-item elementor-sitemap-item-page page_item page-item-5558\"><a href=\"https:\/\/www.lumibirdmedical.com\/fr\/pourquoi-nous-rejoindre\/\">Pourquoi nous rejoindre ?<\/a><\/li><li class=\"elementor-sitemap-item elementor-sitemap-item-page page_item page-item-5753 current_page_parent\"><a href=\"https:\/\/www.lumibirdmedical.com\/fr\/actualites\/\">Actualit\u00e9s<\/a><\/li><li class=\"elementor-sitemap-item elementor-sitemap-item-page page_item page-item-5554\"><a href=\"https:\/\/www.lumibirdmedical.com\/fr\/notre-philosophie-rh\/\">Notre philosophie RH<\/a><\/li><li class=\"elementor-sitemap-item elementor-sitemap-item-page page_item page-item-5550\"><a href=\"https:\/\/www.lumibirdmedical.com\/fr\/solutions-feo\/\">Solutions OEM<\/a><\/li><li class=\"elementor-sitemap-item elementor-sitemap-item-page page_item page-item-5588\"><a href=\"https:\/\/www.lumibirdmedical.com\/fr\/qui-sommes-nous\/\">Qui sommes-nous ?<\/a><\/li><li class=\"elementor-sitemap-item elementor-sitemap-item-page page_item page-item-5858\"><a href=\"https:\/\/www.lumibirdmedical.com\/fr\/\">Solutions m\u00e9dicales d&rsquo;\u00e9chographie et de lasers<\/a><\/li><li class=\"elementor-sitemap-item elementor-sitemap-item-page page_item page-item-5986\"><a href=\"https:\/\/www.lumibirdmedical.com\/fr\/politique-de-confidentialite\/\">Politique de confidentialit\u00e9<\/a><\/li><\/ul><\/div><\/div>\t\t\t\t<\/div>\n\t\t\t\t<\/div>\n\t\t\t\t\t<\/div>\n\t\t<\/div>\n\t\t\t\t<div class=\"elementor-column elementor-col-50 elementor-inner-column elementor-element elementor-element-f206c9f\" data-id=\"f206c9f\" data-element_type=\"column\" data-e-type=\"column\">\n\t\t\t<div class=\"elementor-widget-wrap elementor-element-populated\">\n\t\t\t\t\t\t<div class=\"elementor-element elementor-element-8e9fac4 elementor-widget elementor-widget-sitemap\" data-id=\"8e9fac4\" data-element_type=\"widget\" data-e-type=\"widget\" data-widget_type=\"sitemap.default\">\n\t\t\t\t<div class=\"elementor-widget-container\">\n\t\t\t\t\t<div class=\"elementor-sitemap-wrap\"><div class=\"elementor-sitemap-section\"><h2 class=\"elementor-sitemap-title elementor-sitemap-post-title\">Articles<\/h2><ul class=\"elementor-sitemap-list elementor-sitemap-post-list\"><li class=\"elementor-sitemap-item elementor-sitemap-item-post page_item page-item-10047\"><a href=\"https:\/\/www.lumibirdmedical.com\/fr\/lumibird-medical-accelere-son-expansion-en-asie-pacifique-avec-lacquisition-future-de-biz-medic-sdn-bhd-pour-la-creation-dun-nouveau-hub-en-asie-du-sud-est\/\">Lumibird Medical acc\u00e9l\u00e8re son expansion en Asie\u2011Pacifique avec l\u2019acquisition future de BIZ MEDIC SDN BHD pour la cr\u00e9ation d\u2019un nouveau hub en Asie du Sud\u2011Est<\/a><\/li><li class=\"elementor-sitemap-item elementor-sitemap-item-post page_item page-item-9142\"><a href=\"https:\/\/www.lumibirdmedical.com\/fr\/lumibird-medical-renomme-sa-filiale-japonaise-en-reflet-de-sa-croissance-strategique\/\">Lumibird Medical renomme sa filiale japonaise en reflet de sa croissance strat\u00e9gique<\/a><\/li><li class=\"elementor-sitemap-item elementor-sitemap-item-post page_item page-item-7868\"><a href=\"https:\/\/www.lumibirdmedical.com\/fr\/pocket-iii-nouveau-pachymetre-portable\/\">POCKET III\u00ae, nouveau pachym\u00e8tre portable<\/a><\/li><li class=\"elementor-sitemap-item elementor-sitemap-item-post page_item page-item-7834\"><a href=\"https:\/\/www.lumibirdmedical.com\/fr\/c-diag-plateforme-daide-au-diagnostic-de-la-secheresse-oculaire\/\">C.DIAG\u00ae &#8211; Plateforme d&rsquo;aide au diagnostic de la s\u00e9cheresse oculaire<\/a><\/li><li class=\"elementor-sitemap-item elementor-sitemap-item-post page_item page-item-7643\"><a href=\"https:\/\/www.lumibirdmedical.com\/fr\/quantel-medical-parmi-les-premiers-laureats-de-lappel-a-projet-imagerie-medicale-de-france-2030\/\">Quantel Medical parmi les premiers laur\u00e9ats de l\u2019appel \u00e0 projet \u00ab Imagerie M\u00e9dicale \u00bb de France 2030<\/a><\/li><li class=\"elementor-sitemap-item elementor-sitemap-item-post page_item page-item-7259\"><a href=\"https:\/\/www.lumibirdmedical.com\/fr\/lumibird-medical-polska\/\">Lumibird Medical\u00ae Polska<\/a><\/li><li class=\"elementor-sitemap-item elementor-sitemap-item-post page_item page-item-7364\"><a href=\"https:\/\/www.lumibirdmedical.com\/fr\/gamme-premium-de-lasers-neo-de-lumibird-medical\/\">Gamme Premium de lasers Neo de Lumibird Medical<\/a><\/li><li class=\"elementor-sitemap-item elementor-sitemap-item-post page_item page-item-7179\"><a href=\"https:\/\/www.lumibirdmedical.com\/fr\/lumibird-medical-recoit-lautorisation-de-mise-sur-le-marche-chinois-de-son-photocoagulateur-vitra-2\/\">Lumibird Medical re\u00e7oit l&rsquo;autorisation de mise sur le march\u00e9 chinois de son photocoagulateur Vitra 2<\/a><\/li><li class=\"elementor-sitemap-item elementor-sitemap-item-post page_item page-item-6513\"><a href=\"https:\/\/www.lumibirdmedical.com\/fr\/tango-reflex-neo-le-laser-yag-slt-premium-par-lumibird-medical\/\">Tango Reflex Neo : Le laser YAG\/SLT premium par Lumibird Medical<\/a><\/li><li class=\"elementor-sitemap-item elementor-sitemap-item-post page_item page-item-5703\"><a href=\"https:\/\/www.lumibirdmedical.com\/fr\/lumibird-medical-renforce-sa-presence-en-inde-avec-la-creation-de-la-filiale-lumibird-medical-india\/\">Cr\u00e9ation de la filiale Lumibird Medical India<\/a><\/li><li class=\"elementor-sitemap-item elementor-sitemap-item-post page_item page-item-5699\"><a href=\"https:\/\/www.lumibirdmedical.com\/fr\/capsulo-nouveau-laser-ndyag-de-lumibird-medical\/\">Capsulo : Nouveau laser Nd :YAG de Lumibird Medical<\/a><\/li><li class=\"elementor-sitemap-item elementor-sitemap-item-post page_item page-item-5695\"><a href=\"https:\/\/www.lumibirdmedical.com\/fr\/c-stim-nouveau-systeme-i-p-l-pour-le-traitement-de-la-secheresse-oculaire\/\">C.STIM: Nouveau syst\u00e8me IPL. Pour le traitement de la s\u00e9cheresse oculaire<\/a><\/li><li class=\"elementor-sitemap-item elementor-sitemap-item-post page_item page-item-5687\"><a href=\"https:\/\/www.lumibirdmedical.com\/fr\/le-potentiel-des-traitements-glaucome-de-lumibird-medical-renforce-par-les-dernieres-recommandations-de-legs\/\">Le potentiel des traitements glaucome de Lumibird Medical renforce par les dernieres recommandations de l\u2019EGS<\/a><\/li><li class=\"elementor-sitemap-item elementor-sitemap-item-post page_item page-item-5691\"><a href=\"https:\/\/www.lumibirdmedical.com\/fr\/creation-de-3-nouvelles-filiales-lumibird-medical-nordics\/\">Cr\u00e9ation de 3 nouvelles filiales : Lumibird Medical Nordics<\/a><\/li><li class=\"elementor-sitemap-item elementor-sitemap-item-post page_item page-item-5679\"><a href=\"https:\/\/www.lumibirdmedical.com\/fr\/mosar-nouveau-systeme-dimagerie-haute-definition-pour-le-laser-easyret-577nm\/\">Mosar\u00ae : nouveau syst\u00e8me d&rsquo;imagerie haute d\u00e9finition pour le laser Easyret\u00ae 577nm<\/a><\/li><li class=\"elementor-sitemap-item elementor-sitemap-item-post page_item page-item-5683\"><a href=\"https:\/\/www.lumibirdmedical.com\/fr\/quantel-medical-finalise-lacquisition-dellex\/\">Quantel Medical finalise l\u2019acquisition d\u2019Ellex<\/a><\/li><li class=\"elementor-sitemap-item elementor-sitemap-item-post page_item page-item-5651\"><a href=\"https:\/\/www.lumibirdmedical.com\/fr\/quantel-medical-et-ellex-annoncent-un-accord-de-fusion\/\">Quantel Medical et Ellex annoncent un accord de fusion<\/a><\/li><li class=\"elementor-sitemap-item elementor-sitemap-item-post page_item page-item-5660\"><a href=\"https:\/\/www.lumibirdmedical.com\/fr\/acquisition-de-la-societe-optotek-medical\/\">Acquisition de la soci\u00e9te Optotek Medical<\/a><\/li><li class=\"elementor-sitemap-item elementor-sitemap-item-post page_item page-item-6206\"><a href=\"https:\/\/www.lumibirdmedical.com\/fr\/vitra-810-subcyclo-un-nouveau-pas-vers-la-cyclophotocoagulation-subliminal\/\">Vitra 810 Subcyclo: un nouveau pas vers la Cyclophotocoagulation SubLiminal<\/a><\/li><li class=\"elementor-sitemap-item elementor-sitemap-item-post page_item page-item-6208\"><a href=\"https:\/\/www.lumibirdmedical.com\/fr\/absolu-nouvelle-plateforme-dechographie-a-b-s-ubm\/\">ABSolu: nouvelle plateforme d&rsquo;\u00e9chographie A\/B\/S\/UBM<\/a><\/li><li class=\"elementor-sitemap-item elementor-sitemap-item-post page_item page-item-6210\"><a href=\"https:\/\/www.lumibirdmedical.com\/fr\/vitra-2-photocoagulation-retinienne-simplifiee\/\">VITRA 2 : Photocoagulation r\u00e9tinienne simplifi\u00e9e<\/a><\/li><li class=\"elementor-sitemap-item elementor-sitemap-item-post page_item page-item-6212\"><a href=\"https:\/\/www.lumibirdmedical.com\/fr\/aquisition-des-activites-medicales-decm-par-quantel-medical\/\">Aquisition des activites m\u00e9dicales d&rsquo;ECM par Quantel Medical<\/a><\/li><li class=\"elementor-sitemap-item elementor-sitemap-item-post page_item page-item-6214\"><a href=\"https:\/\/www.lumibirdmedical.com\/fr\/quantel-medical-presente-la-nouvelle-generation-de-plateforme-dechographie-ophtalmique-compact-touch-a-lescrs-2017\/\">Quantel Medical pr\u00e9sente la nouvelle g\u00e9n\u00e9ration de plateforme d&rsquo;\u00e9chographie ophtalmique Compact Touch \u00e0 l&rsquo;ESCRS 2017<\/a><\/li><li class=\"elementor-sitemap-item elementor-sitemap-item-post page_item page-item-6216\"><a href=\"https:\/\/www.lumibirdmedical.com\/fr\/quantel-medical-lance-un-nouveau-laser-photocoagulateur-integre-avec-technologie-laser-a-fibre-elba-pour-la-photocoagulation-retinienne-maculaire-et-peripherique-easyret\/\">Quantel Medical lance un nouveau laser photocoagulateur int\u00e9gr\u00e9 avec technologie laser \u00e0 fibre ELBA pour la photocoagulation r\u00e9tinienne maculaire et p\u00e9riph\u00e9rique : Easyret<\/a><\/li><\/ul><\/div><\/div>\t\t\t\t<\/div>\n\t\t\t\t<\/div>\n\t\t\t\t\t<\/div>\n\t\t<\/div>\n\t\t\t\t\t<\/div>\n\t\t<\/section>\n\t\t\t\t\t<\/div>\n\t\t<\/div>\n\t\t\t\t\t<\/div>\n\t\t<\/section>\n\t\t\t\t<\/div>\n\t\t","protected":false},"excerpt":{"rendered":"<p>Lumibird Medical<\/p>\n","protected":false},"author":3,"featured_media":0,"parent":0,"menu_order":23,"comment_status":"closed","ping_status":"closed","template":"","meta":{"footnotes":""},"class_list":["post-5773","page","type-page","status-publish","hentry"],"acf":[],"_links":{"self":[{"href":"https:\/\/www.lumibirdmedical.com\/fr\/wp-json\/wp\/v2\/pages\/5773","targetHints":{"allow":["GET"]}}],"collection":[{"href":"https:\/\/www.lumibirdmedical.com\/fr\/wp-json\/wp\/v2\/pages"}],"about":[{"href":"https:\/\/www.lumibirdmedical.com\/fr\/wp-json\/wp\/v2\/types\/page"}],"author":[{"embeddable":true,"href":"https:\/\/www.lumibirdmedical.com\/fr\/wp-json\/wp\/v2\/users\/3"}],"replies":[{"embeddable":true,"href":"https:\/\/www.lumibirdmedical.com\/fr\/wp-json\/wp\/v2\/comments?post=5773"}],"version-history":[{"count":0,"href":"https:\/\/www.lumibirdmedical.com\/fr\/wp-json\/wp\/v2\/pages\/5773\/revisions"}],"wp:attachment":[{"href":"https:\/\/www.lumibirdmedical.com\/fr\/wp-json\/wp\/v2\/media?parent=5773"}],"curies":[{"name":"wp","href":"https:\/\/api.w.org\/{rel}","templated":true}]}}